{"id":5530,"date":"2023-09-06T23:48:05","date_gmt":"2023-09-06T17:48:05","guid":{"rendered":"https:\/\/54.152.195.151\/aviso-legal"},"modified":"2024-02-13T23:05:25","modified_gmt":"2024-02-13T17:05:25","slug":"aviso-legal","status":"publish","type":"page","link":"https:\/\/revitalize-hw.com\/es\/aviso-legal\/","title":{"rendered":"Aviso Legal"},"content":{"rendered":"\t\t<div data-elementor-type=\"wp-page\" data-elementor-id=\"5530\" class=\"elementor elementor-5530 elementor-4836\" data-elementor-post-type=\"page\">\n\t\t\t\t\t\t<section class=\"elementor-section elementor-top-section elementor-element elementor-element-08f8b35 elementor-section-boxed elementor-section-height-default elementor-section-height-default\" data-id=\"08f8b35\" data-element_type=\"section\">\n\t\t\t\t\t\t<div class=\"elementor-container elementor-column-gap-default\">\n\t\t\t\t\t<div class=\"elementor-column elementor-col-100 elementor-top-column elementor-element elementor-element-0d50b7a\" data-id=\"0d50b7a\" data-element_type=\"column\">\n\t\t\t<div class=\"elementor-widget-wrap elementor-element-populated\">\n\t\t\t\t\t\t<div class=\"elementor-element elementor-element-89d463b elementor-widget elementor-widget-text-editor\" data-id=\"89d463b\" data-element_type=\"widget\" data-widget_type=\"text-editor.default\">\n\t\t\t\t<div class=\"elementor-widget-container\">\n\t\t\t\t\t\t\t<p><\/p>\n<h1><span style=\"color: #ffffff;\">Aviso Legal<\/span><\/h1>\n<div class=\"MuiGrid-root _3SUv77aw MuiGrid-container\">\n<div class=\"MuiGrid-root DGIJyiUN MuiGrid-item MuiGrid-grid-xs-12 MuiGrid-grid-md-6\">Nombre del Negocio:<\/div>\n<div class=\"MuiGrid-root MuiGrid-item MuiGrid-grid-xs-12 MuiGrid-grid-md-6\">Revitalize Health &amp; Wellness, PLLC<\/div>\n<div> <\/div>\n<\/div>\n<div class=\"MuiGrid-root _3SUv77aw MuiGrid-container\">\n<div class=\"MuiGrid-root DGIJyiUN MuiGrid-item MuiGrid-grid-xs-12 MuiGrid-grid-md-6\">Direcci\u00f3n:<\/div>\n<div class=\"MuiGrid-root MuiGrid-item MuiGrid-grid-xs-12 MuiGrid-grid-md-6\">3415 Brentwood Dr, Odessa, Texas, 79762, United States<\/div>\n<div> <\/div>\n<\/div>\n<div class=\"MuiGrid-root _3SUv77aw MuiGrid-container\">\n<div class=\"MuiGrid-root DGIJyiUN MuiGrid-item MuiGrid-grid-xs-12 MuiGrid-grid-md-6\">Nombre de la empresa registrada:<\/div>\n<div class=\"MuiGrid-root MuiGrid-item MuiGrid-grid-xs-12 MuiGrid-grid-md-6\">Revitalize Health &amp; Wellness, PLLC<\/div>\n<div> <\/div>\n<\/div>\n<div class=\"MuiGrid-root _3SUv77aw MuiGrid-container\">\n<div class=\"MuiGrid-root DGIJyiUN MuiGrid-item MuiGrid-grid-xs-12 MuiGrid-grid-md-6\">N\u00famero de tel\u00e9fono:<\/div>\n<div class=\"MuiGrid-root MuiGrid-item MuiGrid-grid-xs-12 MuiGrid-grid-md-6\">+14323854076<\/div>\n<div> <\/div>\n<\/div>\n<div class=\"MuiGrid-root _3SUv77aw MuiGrid-container\">\n<div class=\"MuiGrid-root DGIJyiUN MuiGrid-item MuiGrid-grid-xs-12 MuiGrid-grid-md-6\">Direcci\u00f3n del domicilio social:<\/div>\n<div class=\"MuiGrid-root MuiGrid-item MuiGrid-grid-xs-12 MuiGrid-grid-md-6\">3415 Brentwood Dr Odessa 79762<\/div>\n<\/div>\n<p><\/p>\n\t\t\t\t\t\t<\/div>\n\t\t\t\t<\/div>\n\t\t\t\t\t<\/div>\n\t\t<\/div>\n\t\t\t\t\t<\/div>\n\t\t<\/section>\n\t\t\t\t<\/div>\n\t\t","protected":false},"excerpt":{"rendered":"<p>Aviso Legal Nombre del Negocio: Revitalize Health &amp; Wellness, PLLC Direcci\u00f3n: 3415 Brentwood Dr, Odessa, Texas, 79762, United States Nombre de la empresa registrada: Revitalize Health &amp; Wellness, PLLC N\u00famero de tel\u00e9fono: +14323854076 Direcci\u00f3n del domicilio social: 3415 Brentwood Dr Odessa 79762<\/p>\n","protected":false},"author":1,"featured_media":0,"parent":0,"menu_order":0,"comment_status":"closed","ping_status":"closed","template":"elementor_header_footer","meta":{"footnotes":""},"class_list":["post-5530","page","type-page","status-publish","hentry"],"yoast_head":"<!-- This site is optimized with the Yoast SEO plugin v27.0 - https:\/\/yoast.com\/product\/yoast-seo-wordpress\/ -->\n<title>Aviso Legal - Revitalize Health &amp; Wellness<\/title>\n<meta name=\"robots\" content=\"index, follow, max-snippet:-1, max-image-preview:large, max-video-preview:-1\" \/>\n<link rel=\"canonical\" href=\"https:\/\/revitalize-hw.com\/es\/aviso-legal\/\" \/>\n<meta property=\"og:locale\" content=\"es_ES\" \/>\n<meta property=\"og:type\" content=\"article\" \/>\n<meta property=\"og:title\" content=\"Aviso Legal - Revitalize Health &amp; Wellness\" \/>\n<meta property=\"og:description\" content=\"Aviso Legal Nombre del Negocio: Revitalize Health &amp; Wellness, PLLC Direcci\u00f3n: 3415 Brentwood Dr, Odessa, Texas, 79762, United States Nombre de la empresa registrada: Revitalize Health &amp; Wellness, PLLC N\u00famero de tel\u00e9fono: +14323854076 Direcci\u00f3n del domicilio social: 3415 Brentwood Dr Odessa 79762\" \/>\n<meta property=\"og:url\" content=\"https:\/\/revitalize-hw.com\/es\/aviso-legal\/\" \/>\n<meta property=\"og:site_name\" content=\"Revitalize Health &amp; Wellness\" \/>\n<meta property=\"article:publisher\" content=\"https:\/\/www.facebook.com\/profile.php?id=100084207309594\" \/>\n<meta property=\"article:modified_time\" content=\"2024-02-13T17:05:25+00:00\" \/>\n<meta name=\"twitter:card\" content=\"summary_large_image\" \/>\n<script type=\"application\/ld+json\" class=\"yoast-schema-graph\">{\"@context\":\"https:\/\/schema.org\",\"@graph\":[{\"@type\":\"WebPage\",\"@id\":\"https:\/\/revitalize-hw.com\/es\/aviso-legal\/\",\"url\":\"https:\/\/revitalize-hw.com\/es\/aviso-legal\/\",\"name\":\"Aviso Legal - Revitalize Health &amp; Wellness\",\"isPartOf\":{\"@id\":\"https:\/\/wellness.slot41.online\/#website\"},\"datePublished\":\"2023-09-06T17:48:05+00:00\",\"dateModified\":\"2024-02-13T17:05:25+00:00\",\"breadcrumb\":{\"@id\":\"https:\/\/revitalize-hw.com\/es\/aviso-legal\/#breadcrumb\"},\"inLanguage\":\"es\",\"potentialAction\":[{\"@type\":\"ReadAction\",\"target\":[\"https:\/\/revitalize-hw.com\/es\/aviso-legal\/\"]}]},{\"@type\":\"BreadcrumbList\",\"@id\":\"https:\/\/revitalize-hw.com\/es\/aviso-legal\/#breadcrumb\",\"itemListElement\":[{\"@type\":\"ListItem\",\"position\":1,\"name\":\"Inicio\",\"item\":\"https:\/\/revitalize-hw.com\/es\/revitalize-health-wellness\/\"},{\"@type\":\"ListItem\",\"position\":2,\"name\":\"Aviso Legal\"}]},{\"@type\":\"WebSite\",\"@id\":\"https:\/\/wellness.slot41.online\/#website\",\"url\":\"https:\/\/wellness.slot41.online\/\",\"name\":\"Revitalize Health &amp; Wellness\",\"description\":\"IV Infusion Therapy Provided By Experienced Professionals\",\"publisher\":{\"@id\":\"https:\/\/wellness.slot41.online\/#organization\"},\"potentialAction\":[{\"@type\":\"SearchAction\",\"target\":{\"@type\":\"EntryPoint\",\"urlTemplate\":\"https:\/\/wellness.slot41.online\/?s={search_term_string}\"},\"query-input\":{\"@type\":\"PropertyValueSpecification\",\"valueRequired\":true,\"valueName\":\"search_term_string\"}}],\"inLanguage\":\"es\"},{\"@type\":\"Organization\",\"@id\":\"https:\/\/wellness.slot41.online\/#organization\",\"name\":\"Revitalize Health &amp; Wellness\",\"url\":\"https:\/\/wellness.slot41.online\/\",\"logo\":{\"@type\":\"ImageObject\",\"inLanguage\":\"es\",\"@id\":\"https:\/\/wellness.slot41.online\/#\/schema\/logo\/image\/\",\"url\":\"https:\/\/revitalize-hw.com\/wp-content\/uploads\/2023\/04\/Logo-Revitalize-scaled.webp\",\"contentUrl\":\"https:\/\/revitalize-hw.com\/wp-content\/uploads\/2023\/04\/Logo-Revitalize-scaled.webp\",\"width\":2560,\"height\":2560,\"caption\":\"Revitalize Health &amp; Wellness\"},\"image\":{\"@id\":\"https:\/\/wellness.slot41.online\/#\/schema\/logo\/image\/\"},\"sameAs\":[\"https:\/\/www.facebook.com\/profile.php?id=100084207309594\",\"https:\/\/www.instagram.com\/revitalizehealthwellness22\/\"]}]}<\/script>\n<!-- \/ Yoast SEO plugin. -->","yoast_head_json":{"title":"Aviso Legal - Revitalize Health &amp; Wellness","robots":{"index":"index","follow":"follow","max-snippet":"max-snippet:-1","max-image-preview":"max-image-preview:large","max-video-preview":"max-video-preview:-1"},"canonical":"https:\/\/revitalize-hw.com\/es\/aviso-legal\/","og_locale":"es_ES","og_type":"article","og_title":"Aviso Legal - Revitalize Health &amp; Wellness","og_description":"Aviso Legal Nombre del Negocio: Revitalize Health &amp; Wellness, PLLC Direcci\u00f3n: 3415 Brentwood Dr, Odessa, Texas, 79762, United States Nombre de la empresa registrada: Revitalize Health &amp; Wellness, PLLC N\u00famero de tel\u00e9fono: +14323854076 Direcci\u00f3n del domicilio social: 3415 Brentwood Dr Odessa 79762","og_url":"https:\/\/revitalize-hw.com\/es\/aviso-legal\/","og_site_name":"Revitalize Health &amp; Wellness","article_publisher":"https:\/\/www.facebook.com\/profile.php?id=100084207309594","article_modified_time":"2024-02-13T17:05:25+00:00","twitter_card":"summary_large_image","schema":{"@context":"https:\/\/schema.org","@graph":[{"@type":"WebPage","@id":"https:\/\/revitalize-hw.com\/es\/aviso-legal\/","url":"https:\/\/revitalize-hw.com\/es\/aviso-legal\/","name":"Aviso Legal - Revitalize Health &amp; Wellness","isPartOf":{"@id":"https:\/\/wellness.slot41.online\/#website"},"datePublished":"2023-09-06T17:48:05+00:00","dateModified":"2024-02-13T17:05:25+00:00","breadcrumb":{"@id":"https:\/\/revitalize-hw.com\/es\/aviso-legal\/#breadcrumb"},"inLanguage":"es","potentialAction":[{"@type":"ReadAction","target":["https:\/\/revitalize-hw.com\/es\/aviso-legal\/"]}]},{"@type":"BreadcrumbList","@id":"https:\/\/revitalize-hw.com\/es\/aviso-legal\/#breadcrumb","itemListElement":[{"@type":"ListItem","position":1,"name":"Inicio","item":"https:\/\/revitalize-hw.com\/es\/revitalize-health-wellness\/"},{"@type":"ListItem","position":2,"name":"Aviso Legal"}]},{"@type":"WebSite","@id":"https:\/\/wellness.slot41.online\/#website","url":"https:\/\/wellness.slot41.online\/","name":"Revitalize Health &amp; Wellness","description":"IV Infusion Therapy Provided By Experienced Professionals","publisher":{"@id":"https:\/\/wellness.slot41.online\/#organization"},"potentialAction":[{"@type":"SearchAction","target":{"@type":"EntryPoint","urlTemplate":"https:\/\/wellness.slot41.online\/?s={search_term_string}"},"query-input":{"@type":"PropertyValueSpecification","valueRequired":true,"valueName":"search_term_string"}}],"inLanguage":"es"},{"@type":"Organization","@id":"https:\/\/wellness.slot41.online\/#organization","name":"Revitalize Health &amp; Wellness","url":"https:\/\/wellness.slot41.online\/","logo":{"@type":"ImageObject","inLanguage":"es","@id":"https:\/\/wellness.slot41.online\/#\/schema\/logo\/image\/","url":"https:\/\/revitalize-hw.com\/wp-content\/uploads\/2023\/04\/Logo-Revitalize-scaled.webp","contentUrl":"https:\/\/revitalize-hw.com\/wp-content\/uploads\/2023\/04\/Logo-Revitalize-scaled.webp","width":2560,"height":2560,"caption":"Revitalize Health &amp; Wellness"},"image":{"@id":"https:\/\/wellness.slot41.online\/#\/schema\/logo\/image\/"},"sameAs":["https:\/\/www.facebook.com\/profile.php?id=100084207309594","https:\/\/www.instagram.com\/revitalizehealthwellness22\/"]}]}},"_links":{"self":[{"href":"https:\/\/revitalize-hw.com\/es\/wp-json\/wp\/v2\/pages\/5530","targetHints":{"allow":["GET"]}}],"collection":[{"href":"https:\/\/revitalize-hw.com\/es\/wp-json\/wp\/v2\/pages"}],"about":[{"href":"https:\/\/revitalize-hw.com\/es\/wp-json\/wp\/v2\/types\/page"}],"author":[{"embeddable":true,"href":"https:\/\/revitalize-hw.com\/es\/wp-json\/wp\/v2\/users\/1"}],"replies":[{"embeddable":true,"href":"https:\/\/revitalize-hw.com\/es\/wp-json\/wp\/v2\/comments?post=5530"}],"version-history":[{"count":3,"href":"https:\/\/revitalize-hw.com\/es\/wp-json\/wp\/v2\/pages\/5530\/revisions"}],"predecessor-version":[{"id":5533,"href":"https:\/\/revitalize-hw.com\/es\/wp-json\/wp\/v2\/pages\/5530\/revisions\/5533"}],"wp:attachment":[{"href":"https:\/\/revitalize-hw.com\/es\/wp-json\/wp\/v2\/media?parent=5530"}],"curies":[{"name":"wp","href":"https:\/\/api.w.org\/{rel}","templated":true}]}}